{"id":6872,"date":"2025-09-30T06:06:29","date_gmt":"2025-09-30T12:06:29","guid":{"rendered":"https:\/\/ataydeenescena.com.mx\/boletos\/?page_id=6872"},"modified":"2025-09-30T08:10:23","modified_gmt":"2025-09-30T14:10:23","slug":"promociones","status":"publish","type":"page","link":"https:\/\/ataydeenescena.com.mx\/boletos\/promociones\/","title":{"rendered":"Promociones"},"content":{"rendered":"<div class=\"etn-container events_calendar_list\">\n\t\t\t\t\t<div class=\"etn-row calendar-event-details\">\n\t\t\t\t\t\t\t\t\t\t\t\t<div class=\"etn-col-md-3 calendar-event-details-thumbnail\">\n\t\t\t\t\t\t\t\t<div class=\"etn-event-thumb\">\n\t\t\t\t\t\t\t\t\t<a href=\"https:\/\/ataydeenescena.com.mx\/boletos\/etn\/domingo-promocion-de-100\/\" aria-label=\"PROMOCI\u00d3N DE $100 ADULTOS\">\n\t\t\t\t\t\t\t\t\t\t<img decoding=\"async\" class=\"calendar-event-thumb-img\" src=\"https:\/\/ataydeenescena.com.mx\/boletos\/wp-content\/uploads\/2026\/03\/banner-del-boleto2.png\" alt=\"Promociones\">\n\t\t\t\t\t\t\t\t\t<\/a>\n\t\t\t\t\t\t\t\t\t\t\t\t\t\t\t\t\t<\/div>\n\t\t\t\t\t\t\t<\/div>\n\t\t\t\t\t\t\t\t\t\t<div class=\"etn-col-md-6 etn-col-lg-7\">\n\t\t\t\t\t\t<div class=\"calendar-event-content\">\n\t\t\t\t\t\t\t\t\t\t\t\t\t\t\t<div class=\"calendar-event-category-wrap\">\n\t\t\t\t\t\t\t\t\t<span>PROMOCIONES ESPECIALES<\/span> \t\t\t\t\t\t\t\t<\/div>\n\t\t\t\t\t\t\t\t\t\t\t\t\t\t<h3 class=\"calendar-event-title etn-title etn-event-title\">\n\t\t\t\t\t\t\t\t<a href=\"https:\/\/ataydeenescena.com.mx\/boletos\/etn\/domingo-promocion-de-100\/\"> PROMOCI\u00d3N DE $100 ADULTOS<\/a>\n\t\t\t\t\t\t\t<\/h3>\n\t\t\t\t\t\t\t<ul class=\"calendar-event-time-vanue\">\n\t\t\t\t\t\t\t\t<li class=\"etn-event-calender-vanue etn-event-calender-time\">\n\t\t\t\t\t\t\t\t\t\t\t\t<span>\n\t\t\t\t<i class=\"etn-icon etn-calendar\"><\/i>\n\t\t\t\t2026-04-05\t\t\t<\/span>\n\t\t\t\t\t\t\t\t\t\t<\/li>\n\t\t\t\t\t\t\t\t\t\t\t\t\t\t\t\t\t\t\t\t\t\t\t\t\t\t\t\t<li class=\"etn-event-calender-vanue\">\n\t\t\t\t\t\t\t\t\t\t\t\t<i class=\"etn-icon etn-location\"><\/i>\n\t\t\t\t\t\t\t\t\t\t\t\tCarretera, Av. Jos\u00e9 L\u00f3pez Portillo 90, 54940 Buenavista, M\u00e9x.\t\t\t\t\t\t\t\t\t\t\t<\/li>\n\t\t\t\t\t\t\t\t\t\t\t\t\t\t\t\t\t\t\t\t\t\t\t\t<\/ul>\n\t\t\t\t\t\t<\/div>\n\t\t\t\t\t<\/div>\n\n\t\t\t\t\t\t\t\t\t\t\t<div class=\"etn-col-md-3 etn-col-lg-2 event-calendar-action\">\n\t\t\t\t\t\t\t<a href=\"https:\/\/ataydeenescena.com.mx\/boletos\/etn\/domingo-promocion-de-100\/\" class=\"etn-btn event-calendar-details-btn\">\n\t\t\t\t\t\t\t\tSee Details \n\t\t\t\t\t\t\t\t<i class=\"etn-icon etn-arrow-right\"><\/i>\n\t\t\t\t\t\t\t<\/a>\n\t\t\t\t\t\t<\/div>\n\t\t\t\t\t\t\t\t\t<\/div>\n\t\t\t\t<!-- .\/row -->\n\t\t\t\t<\/div>\n","protected":false},"excerpt":{"rendered":"","protected":false},"author":1,"featured_media":0,"parent":0,"menu_order":0,"comment_status":"closed","ping_status":"closed","template":"","meta":{"_uag_custom_page_level_css":"","footnotes":""},"class_list":["post-6872","page","type-page","status-publish","hentry"],"aioseo_notices":[],"uagb_featured_image_src":{"full":false,"thumbnail":false,"medium":false,"medium_large":false,"large":false,"1536x1536":false,"2048x2048":false,"woocommerce_thumbnail":false,"woocommerce_single":false,"woocommerce_gallery_thumbnail":false},"uagb_author_info":{"display_name":"firmas75","author_link":"https:\/\/ataydeenescena.com.mx\/boletos\/author\/firmas75\/"},"uagb_comment_info":0,"uagb_excerpt":null,"_links":{"self":[{"href":"https:\/\/ataydeenescena.com.mx\/boletos\/wp-json\/wp\/v2\/pages\/6872","targetHints":{"allow":["GET"]}}],"collection":[{"href":"https:\/\/ataydeenescena.com.mx\/boletos\/wp-json\/wp\/v2\/pages"}],"about":[{"href":"https:\/\/ataydeenescena.com.mx\/boletos\/wp-json\/wp\/v2\/types\/page"}],"author":[{"embeddable":true,"href":"https:\/\/ataydeenescena.com.mx\/boletos\/wp-json\/wp\/v2\/users\/1"}],"replies":[{"embeddable":true,"href":"https:\/\/ataydeenescena.com.mx\/boletos\/wp-json\/wp\/v2\/comments?post=6872"}],"version-history":[{"count":4,"href":"https:\/\/ataydeenescena.com.mx\/boletos\/wp-json\/wp\/v2\/pages\/6872\/revisions"}],"predecessor-version":[{"id":6906,"href":"https:\/\/ataydeenescena.com.mx\/boletos\/wp-json\/wp\/v2\/pages\/6872\/revisions\/6906"}],"wp:attachment":[{"href":"https:\/\/ataydeenescena.com.mx\/boletos\/wp-json\/wp\/v2\/media?parent=6872"}],"curies":[{"name":"wp","href":"https:\/\/api.w.org\/{rel}","templated":true}]}}