{"id":6854,"date":"2025-09-30T05:02:51","date_gmt":"2025-09-30T11:02:51","guid":{"rendered":"https:\/\/ataydeenescena.com.mx\/boletos\/etn_category\/"},"modified":"2026-03-16T21:35:19","modified_gmt":"2026-03-17T03:35:19","slug":"etn_category","status":"publish","type":"page","link":"https:\/\/ataydeenescena.com.mx\/boletos\/etn_category\/","title":{"rendered":"Eventos entre semana"},"content":{"rendered":"<div class=\"etn-container events_calendar_list\">\n\t\t\t\t\t<div class=\"etn-row calendar-event-details\">\n\t\t\t\t\t\t\t\t\t\t\t\t<div class=\"etn-col-md-3 calendar-event-details-thumbnail\">\n\t\t\t\t\t\t\t\t<div class=\"etn-event-thumb\">\n\t\t\t\t\t\t\t\t\t<a href=\"https:\/\/ataydeenescena.com.mx\/boletos\/etn\/grada-y-butaca\/\" aria-label=\"GRADA Y BUTACA\">\n\t\t\t\t\t\t\t\t\t\t<img decoding=\"async\" class=\"calendar-event-thumb-img\" src=\"https:\/\/ataydeenescena.com.mx\/boletos\/wp-content\/uploads\/2026\/03\/banner-del-boleto2.png\" alt=\"Eventos entre semana\">\n\t\t\t\t\t\t\t\t\t<\/a>\n\t\t\t\t\t\t\t\t\t\t\t\t\t<span class=\"more-event-tag\">\n\t\t\t\t\t<svg width=\"13\" height=\"13\" viewBox=\"0 0 14 14\" fill=\"none\" xmlns=\"http:\/\/www.w3.org\/2000\/svg\">\n\t\t\t\t\t\t<path d=\"M11 6C11 8.76 8.76 11 6 11C3.24 11 1.555 8.22 1.555 8.22M1.555 8.22H3.815M1.555 8.22V10.72M1 6C1 3.24 3.22 1 6 1C9.335 1 11 3.78 11 3.78M11 3.78V1.28M11 3.78H8.78\"\n\t\t\t\t\t\t\tstroke=\"white\" stroke-width=\"1.3\" stroke-linecap=\"round\" stroke-linejoin=\"round\" \/>\n\t\t\t\t\t<\/svg>\n\t\t\t\t\tMore Events\t\t\t\t<\/span>\n\t\t\t\t\t\t\t\t\t\t<\/div>\n\t\t\t\t\t\t\t<\/div>\n\t\t\t\t\t\t\t\t\t\t<div class=\"etn-col-md-6 etn-col-lg-7\">\n\t\t\t\t\t\t<div class=\"calendar-event-content\">\n\t\t\t\t\t\t\t\t\t\t\t\t\t\t\t<div class=\"calendar-event-category-wrap\">\n\t\t\t\t\t\t\t\t\t<span>FUNCI\u00d3N ENTRE SEMANA<\/span> \t\t\t\t\t\t\t\t<\/div>\n\t\t\t\t\t\t\t\t\t\t\t\t\t\t<h3 class=\"calendar-event-title etn-title etn-event-title\">\n\t\t\t\t\t\t\t\t<a href=\"https:\/\/ataydeenescena.com.mx\/boletos\/etn\/grada-y-butaca\/\"> GRADA Y BUTACA<\/a>\n\t\t\t\t\t\t\t<\/h3>\n\t\t\t\t\t\t\t<ul class=\"calendar-event-time-vanue\">\n\t\t\t\t\t\t\t\t<li class=\"etn-event-calender-vanue etn-event-calender-time\">\n\t\t\t\t\t\t\t\t\t\t\t\t<span>\n\t\t\t\t<i class=\"etn-icon etn-calendar\"><\/i>\n\t\t\t\t2026-04-01\t\t\t<\/span>\n\t\t\t\t\t<span>\n\t\t\t\t<span>To<\/span>\n\t\t\t\t2026-04-03\t\t\t<\/span>\n\t\t\t\t\t\t\t\t\t\t\t<\/li>\n\t\t\t\t\t\t\t\t\t\t\t\t\t\t\t\t\t\t\t\t\t\t\t\t\t\t\t\t<li class=\"etn-event-calender-vanue\">\n\t\t\t\t\t\t\t\t\t\t\t\t<i class=\"etn-icon etn-location\"><\/i>\n\t\t\t\t\t\t\t\t\t\t\t\tCarretera, Av. Jos\u00e9 L\u00f3pez Portillo 90, 54940 Buenavista, M\u00e9x.\t\t\t\t\t\t\t\t\t\t\t<\/li>\n\t\t\t\t\t\t\t\t\t\t\t\t\t\t\t\t\t\t\t\t\t\t\t\t<\/ul>\n\t\t\t\t\t\t<\/div>\n\t\t\t\t\t<\/div>\n\n\t\t\t\t\t\t\t\t\t\t\t<div class=\"etn-col-md-3 etn-col-lg-2 event-calendar-action\">\n\t\t\t\t\t\t\t<a href=\"https:\/\/ataydeenescena.com.mx\/boletos\/etn\/grada-y-butaca\/\" class=\"etn-btn event-calendar-details-btn\">\n\t\t\t\t\t\t\t\tSee Details \n\t\t\t\t\t\t\t\t<i class=\"etn-icon etn-arrow-right\"><\/i>\n\t\t\t\t\t\t\t<\/a>\n\t\t\t\t\t\t<\/div>\n\t\t\t\t\t\t\t\t\t<\/div>\n\t\t\t\t<!-- .\/row -->\n\t\t\t\t\t\t\t\t<div class=\"etn-row calendar-event-details\">\n\t\t\t\t\t\t\t\t\t\t\t\t<div class=\"etn-col-md-3 calendar-event-details-thumbnail\">\n\t\t\t\t\t\t\t\t<div class=\"etn-event-thumb\">\n\t\t\t\t\t\t\t\t\t<a href=\"https:\/\/ataydeenescena.com.mx\/boletos\/etn\/palco-lateral-copy\/\" aria-label=\"PALCO LATERAL\">\n\t\t\t\t\t\t\t\t\t\t<img decoding=\"async\" class=\"calendar-event-thumb-img\" src=\"https:\/\/ataydeenescena.com.mx\/boletos\/wp-content\/uploads\/2026\/03\/banner-del-boleto2.png\" alt=\"Eventos entre semana\">\n\t\t\t\t\t\t\t\t\t<\/a>\n\t\t\t\t\t\t\t\t\t\t\t\t\t<span class=\"more-event-tag\">\n\t\t\t\t\t<svg width=\"13\" height=\"13\" viewBox=\"0 0 14 14\" fill=\"none\" xmlns=\"http:\/\/www.w3.org\/2000\/svg\">\n\t\t\t\t\t\t<path d=\"M11 6C11 8.76 8.76 11 6 11C3.24 11 1.555 8.22 1.555 8.22M1.555 8.22H3.815M1.555 8.22V10.72M1 6C1 3.24 3.22 1 6 1C9.335 1 11 3.78 11 3.78M11 3.78V1.28M11 3.78H8.78\"\n\t\t\t\t\t\t\tstroke=\"white\" stroke-width=\"1.3\" stroke-linecap=\"round\" stroke-linejoin=\"round\" \/>\n\t\t\t\t\t<\/svg>\n\t\t\t\t\tMore Events\t\t\t\t<\/span>\n\t\t\t\t\t\t\t\t\t\t<\/div>\n\t\t\t\t\t\t\t<\/div>\n\t\t\t\t\t\t\t\t\t\t<div class=\"etn-col-md-6 etn-col-lg-7\">\n\t\t\t\t\t\t<div class=\"calendar-event-content\">\n\t\t\t\t\t\t\t\t\t\t\t\t\t\t\t<div class=\"calendar-event-category-wrap\">\n\t\t\t\t\t\t\t\t\t<span>FUNCI\u00d3N ENTRE SEMANA<\/span> \t\t\t\t\t\t\t\t<\/div>\n\t\t\t\t\t\t\t\t\t\t\t\t\t\t<h3 class=\"calendar-event-title etn-title etn-event-title\">\n\t\t\t\t\t\t\t\t<a href=\"https:\/\/ataydeenescena.com.mx\/boletos\/etn\/palco-lateral-copy\/\"> PALCO LATERAL<\/a>\n\t\t\t\t\t\t\t<\/h3>\n\t\t\t\t\t\t\t<ul class=\"calendar-event-time-vanue\">\n\t\t\t\t\t\t\t\t<li class=\"etn-event-calender-vanue etn-event-calender-time\">\n\t\t\t\t\t\t\t\t\t\t\t\t<span>\n\t\t\t\t<i class=\"etn-icon etn-calendar\"><\/i>\n\t\t\t\t2026-04-01\t\t\t<\/span>\n\t\t\t\t\t<span>\n\t\t\t\t<span>To<\/span>\n\t\t\t\t2026-04-03\t\t\t<\/span>\n\t\t\t\t\t\t\t\t\t\t\t<\/li>\n\t\t\t\t\t\t\t\t\t\t\t\t\t\t\t\t\t\t\t\t\t\t\t\t\t\t\t\t<li class=\"etn-event-calender-vanue\">\n\t\t\t\t\t\t\t\t\t\t\t\t<i class=\"etn-icon etn-location\"><\/i>\n\t\t\t\t\t\t\t\t\t\t\t\tCarretera, Av. Jos\u00e9 L\u00f3pez Portillo 90, 54940 Buenavista, M\u00e9x.\t\t\t\t\t\t\t\t\t\t\t<\/li>\n\t\t\t\t\t\t\t\t\t\t\t\t\t\t\t\t\t\t\t\t\t\t\t\t<\/ul>\n\t\t\t\t\t\t<\/div>\n\t\t\t\t\t<\/div>\n\n\t\t\t\t\t\t\t\t\t\t\t<div class=\"etn-col-md-3 etn-col-lg-2 event-calendar-action\">\n\t\t\t\t\t\t\t<a href=\"https:\/\/ataydeenescena.com.mx\/boletos\/etn\/palco-lateral-copy\/\" class=\"etn-btn event-calendar-details-btn\">\n\t\t\t\t\t\t\t\tSee Details \n\t\t\t\t\t\t\t\t<i class=\"etn-icon etn-arrow-right\"><\/i>\n\t\t\t\t\t\t\t<\/a>\n\t\t\t\t\t\t<\/div>\n\t\t\t\t\t\t\t\t\t<\/div>\n\t\t\t\t<!-- .\/row -->\n\t\t\t\t\t\t\t\t<div class=\"etn-row calendar-event-details\">\n\t\t\t\t\t\t\t\t\t\t\t\t<div class=\"etn-col-md-3 calendar-event-details-thumbnail\">\n\t\t\t\t\t\t\t\t<div class=\"etn-event-thumb\">\n\t\t\t\t\t\t\t\t\t<a href=\"https:\/\/ataydeenescena.com.mx\/boletos\/etn\/vip-frontal\/\" aria-label=\"VIP FRONTAL\">\n\t\t\t\t\t\t\t\t\t\t<img decoding=\"async\" class=\"calendar-event-thumb-img\" src=\"https:\/\/ataydeenescena.com.mx\/boletos\/wp-content\/uploads\/2026\/03\/banner-del-boleto2.png\" alt=\"Eventos entre semana\">\n\t\t\t\t\t\t\t\t\t<\/a>\n\t\t\t\t\t\t\t\t\t\t\t\t\t<span class=\"more-event-tag\">\n\t\t\t\t\t<svg width=\"13\" height=\"13\" viewBox=\"0 0 14 14\" fill=\"none\" xmlns=\"http:\/\/www.w3.org\/2000\/svg\">\n\t\t\t\t\t\t<path d=\"M11 6C11 8.76 8.76 11 6 11C3.24 11 1.555 8.22 1.555 8.22M1.555 8.22H3.815M1.555 8.22V10.72M1 6C1 3.24 3.22 1 6 1C9.335 1 11 3.78 11 3.78M11 3.78V1.28M11 3.78H8.78\"\n\t\t\t\t\t\t\tstroke=\"white\" stroke-width=\"1.3\" stroke-linecap=\"round\" stroke-linejoin=\"round\" \/>\n\t\t\t\t\t<\/svg>\n\t\t\t\t\tMore Events\t\t\t\t<\/span>\n\t\t\t\t\t\t\t\t\t\t<\/div>\n\t\t\t\t\t\t\t<\/div>\n\t\t\t\t\t\t\t\t\t\t<div class=\"etn-col-md-6 etn-col-lg-7\">\n\t\t\t\t\t\t<div class=\"calendar-event-content\">\n\t\t\t\t\t\t\t\t\t\t\t\t\t\t\t<div class=\"calendar-event-category-wrap\">\n\t\t\t\t\t\t\t\t\t<span>FUNCI\u00d3N ENTRE SEMANA<\/span> \t\t\t\t\t\t\t\t<\/div>\n\t\t\t\t\t\t\t\t\t\t\t\t\t\t<h3 class=\"calendar-event-title etn-title etn-event-title\">\n\t\t\t\t\t\t\t\t<a href=\"https:\/\/ataydeenescena.com.mx\/boletos\/etn\/vip-frontal\/\"> VIP FRONTAL<\/a>\n\t\t\t\t\t\t\t<\/h3>\n\t\t\t\t\t\t\t<ul class=\"calendar-event-time-vanue\">\n\t\t\t\t\t\t\t\t<li class=\"etn-event-calender-vanue etn-event-calender-time\">\n\t\t\t\t\t\t\t\t\t\t\t\t<span>\n\t\t\t\t<i class=\"etn-icon etn-calendar\"><\/i>\n\t\t\t\t2026-04-01\t\t\t<\/span>\n\t\t\t\t\t<span>\n\t\t\t\t<span>To<\/span>\n\t\t\t\t2026-04-03\t\t\t<\/span>\n\t\t\t\t\t\t\t\t\t\t\t<\/li>\n\t\t\t\t\t\t\t\t\t\t\t\t\t\t\t\t\t\t\t\t\t\t\t\t\t\t\t\t<li class=\"etn-event-calender-vanue\">\n\t\t\t\t\t\t\t\t\t\t\t\t<i class=\"etn-icon etn-location\"><\/i>\n\t\t\t\t\t\t\t\t\t\t\t\tCarretera, Av. Jos\u00e9 L\u00f3pez Portillo 90, 54940 Buenavista, M\u00e9x.\t\t\t\t\t\t\t\t\t\t\t<\/li>\n\t\t\t\t\t\t\t\t\t\t\t\t\t\t\t\t\t\t\t\t\t\t\t\t<\/ul>\n\t\t\t\t\t\t<\/div>\n\t\t\t\t\t<\/div>\n\n\t\t\t\t\t\t\t\t\t\t\t<div class=\"etn-col-md-3 etn-col-lg-2 event-calendar-action\">\n\t\t\t\t\t\t\t<a href=\"https:\/\/ataydeenescena.com.mx\/boletos\/etn\/vip-frontal\/\" class=\"etn-btn event-calendar-details-btn\">\n\t\t\t\t\t\t\t\tSee Details \n\t\t\t\t\t\t\t\t<i class=\"etn-icon etn-arrow-right\"><\/i>\n\t\t\t\t\t\t\t<\/a>\n\t\t\t\t\t\t<\/div>\n\t\t\t\t\t\t\t\t\t<\/div>\n\t\t\t\t<!-- .\/row -->\n\t\t\t\t<\/div>\n","protected":false},"excerpt":{"rendered":"","protected":false},"author":1,"featured_media":0,"parent":0,"menu_order":0,"comment_status":"closed","ping_status":"closed","template":"","meta":{"_uag_custom_page_level_css":"","footnotes":""},"class_list":["post-6854","page","type-page","status-publish","hentry"],"aioseo_notices":[],"uagb_featured_image_src":{"full":false,"thumbnail":false,"medium":false,"medium_large":false,"large":false,"1536x1536":false,"2048x2048":false,"woocommerce_thumbnail":false,"woocommerce_single":false,"woocommerce_gallery_thumbnail":false},"uagb_author_info":{"display_name":"firmas75","author_link":"https:\/\/ataydeenescena.com.mx\/boletos\/author\/firmas75\/"},"uagb_comment_info":0,"uagb_excerpt":null,"_links":{"self":[{"href":"https:\/\/ataydeenescena.com.mx\/boletos\/wp-json\/wp\/v2\/pages\/6854","targetHints":{"allow":["GET"]}}],"collection":[{"href":"https:\/\/ataydeenescena.com.mx\/boletos\/wp-json\/wp\/v2\/pages"}],"about":[{"href":"https:\/\/ataydeenescena.com.mx\/boletos\/wp-json\/wp\/v2\/types\/page"}],"author":[{"embeddable":true,"href":"https:\/\/ataydeenescena.com.mx\/boletos\/wp-json\/wp\/v2\/users\/1"}],"replies":[{"embeddable":true,"href":"https:\/\/ataydeenescena.com.mx\/boletos\/wp-json\/wp\/v2\/comments?post=6854"}],"version-history":[{"count":4,"href":"https:\/\/ataydeenescena.com.mx\/boletos\/wp-json\/wp\/v2\/pages\/6854\/revisions"}],"predecessor-version":[{"id":10679,"href":"https:\/\/ataydeenescena.com.mx\/boletos\/wp-json\/wp\/v2\/pages\/6854\/revisions\/10679"}],"wp:attachment":[{"href":"https:\/\/ataydeenescena.com.mx\/boletos\/wp-json\/wp\/v2\/media?parent=6854"}],"curies":[{"name":"wp","href":"https:\/\/api.w.org\/{rel}","templated":true}]}}